{"id":209,"date":"2022-02-25T00:38:07","date_gmt":"2022-02-25T03:38:07","guid":{"rendered":"https:\/\/iusinfieri.com.ar\/?page_id=209"},"modified":"2022-03-14T18:30:51","modified_gmt":"2022-03-14T21:30:51","slug":"publicar","status":"publish","type":"page","link":"https:\/\/iusinfieri.com.ar\/index.php\/publicar\/","title":{"rendered":"Publicar en IIF"},"content":{"rendered":"\n<p><strong>Ius in fieri<\/strong> mantiene una convocatoria permanente para autores que est\u00e9n interesados en publicar art\u00edculos y notas a fallo en el sitio.<\/p>\n\n\n\n<p>Los mismos deben ser enviados a: <strong>publicaciones@iusinfieri.com.ar<\/strong>, y deben respetar nuestras pautas m\u00ednimas para autores.<\/p>\n\n\n\n<p>Luego de recibidos, los trabajos son sometidos a un proceso de control por miembros de nuestro Consejo de Redacci\u00f3n, y, una vez aprobados, pasan a publicaci\u00f3n.<\/p>\n\n\n\n<p><\/p>\n\n\n\n<p><strong>PAUTAS M\u00cdNIMAS PARA AUTORES<\/strong><\/p>\n\n\n\n<p><strong>1)<\/strong> Debe tratarse de un texto in\u00e9dito sobre cualquier tem\u00e1tica a elecci\u00f3n del autor vinculada necesariamente a la ciencia jur\u00eddica.<\/p>\n\n\n\n<p><strong>2)<\/strong> Remitir en formato Word, al mail (publicaciones@iusinfieri.com.ar), tama\u00f1o a4, letra Times New Roman 12, interlineado 1,5, texto justificado. El equipo editorial de <strong>ius in fieri<\/strong> contestar\u00e1 indicando la aceptaci\u00f3n, rechazo o necesidad de adecuaci\u00f3n del trabajo.<\/p>\n\n\n\n<p><strong>3)<\/strong> En el mismo correo deber\u00e1 adjuntarse una foto del autor (como m\u00ednmo de 400&#215;400 px), sus antecedentes a destacar, e indicar 4 palabras claves del art\u00edculo.<\/p>\n\n\n\n<p><strong>4)<\/strong> Las citas deben realizarse a pie de p\u00e1gina en la misma fuente del texto general y en tama\u00f1o 10.<\/p>\n\n\n\n<p><strong>5)<\/strong> No es necesario individualizar la bibliograf\u00eda utilizada, basta con las citas en el modo indicado.<\/p>\n\n\n\n<p><strong>6)<\/strong> El formato de cita es a libre elecci\u00f3n del autor debi\u00e9ndose consignar m\u00ednimamente:<\/p>\n\n\n\n<p><em>a)<\/em> Obras de autor individual: Nombre y apellido completos del autor, t\u00edtulo, a\u00f1o y lugar de publicaci\u00f3n, editorial y p\u00e1gina\/s citada.<\/p>\n\n\n\n<p><em>b)<\/em> Obras colectivas: \u00eddem al punto a) en relaci\u00f3n al cap\u00edtulo citado, pero a\u00f1adiendo los directores y coordinadores de la obra colectiva.<\/p>\n\n\n\n<p><em>c)<\/em> Art\u00edculos de doctrina: Nombre y apellido completo del autor, t\u00edtulo, revista digital o f\u00edsica en la cual se ha publicado, cita online de su publicaci\u00f3n en caso de recuperar el art\u00edculo de una base de datos.<\/p>\n\n\n\n<p><em>d)<\/em> Art\u00edculos obtenidos de p\u00e1ginas web de acceso abierto: copiar el link del sitio, se\u00f1alando el d\u00eda en el cual se consult\u00f3 el mismo.<\/p>\n\n\n\n<p><em>e)<\/em> Precedentes jurisprudenciales: Tribunal interviniente, fecha de la sentencia, car\u00e1tula del expediente y cita de la publicaci\u00f3n del fallo. En sentencias de la Corte Suprema de Justicia de la Naci\u00f3n, bastar\u00e1 con la cita de Fallos.<\/p>\n<div style=\"margin: 20px 0;\"><div class=\"qrcswholewtapper\" style=\"text-align:right;\"><div class=\"qrcprowrapper\"  id=\"qrcwraa2leds\"><div class=\"qrc_canvass\" id=\"qrc_cuttenpages_2\" style=\"display:inline-block\" data-text=\"https:\/\/iusinfieri.com.ar\/index.php\/publicar\/\"><\/div><\/div><\/div><\/div>","protected":false},"excerpt":{"rendered":"<div class=\"mh-excerpt\"><p>Ius in fieri mantiene una convocatoria permanente para autores que est\u00e9n interesados en publicar art\u00edculos y notas a fallo en el sitio. Los mismos deben ser enviados a: publicaciones@iusinfieri.com.ar, y deben respetar nuestras pautas m\u00ednimas <a class=\"mh-excerpt-more\" href=\"https:\/\/iusinfieri.com.ar\/index.php\/publicar\/\" title=\"Publicar en IIF\">[&#8230;]<\/a><\/p>\n<\/div>","protected":false},"author":1,"featured_media":0,"parent":0,"menu_order":0,"comment_status":"closed","ping_status":"closed","template":"","meta":{"_themeisle_gutenberg_block_has_review":false,"footnotes":""},"class_list":["post-209","page","type-page","status-publish"],"aioseo_notices":[],"_links":{"self":[{"href":"https:\/\/iusinfieri.com.ar\/index.php\/wp-json\/wp\/v2\/pages\/209","targetHints":{"allow":["GET"]}}],"collection":[{"href":"https:\/\/iusinfieri.com.ar\/index.php\/wp-json\/wp\/v2\/pages"}],"about":[{"href":"https:\/\/iusinfieri.com.ar\/index.php\/wp-json\/wp\/v2\/types\/page"}],"author":[{"embeddable":true,"href":"https:\/\/iusinfieri.com.ar\/index.php\/wp-json\/wp\/v2\/users\/1"}],"replies":[{"embeddable":true,"href":"https:\/\/iusinfieri.com.ar\/index.php\/wp-json\/wp\/v2\/comments?post=209"}],"version-history":[{"count":7,"href":"https:\/\/iusinfieri.com.ar\/index.php\/wp-json\/wp\/v2\/pages\/209\/revisions"}],"predecessor-version":[{"id":335,"href":"https:\/\/iusinfieri.com.ar\/index.php\/wp-json\/wp\/v2\/pages\/209\/revisions\/335"}],"wp:attachment":[{"href":"https:\/\/iusinfieri.com.ar\/index.php\/wp-json\/wp\/v2\/media?parent=209"}],"curies":[{"name":"wp","href":"https:\/\/api.w.org\/{rel}","templated":true}]}}