{"id":24,"date":"2021-09-08T19:11:12","date_gmt":"2021-09-08T22:11:12","guid":{"rendered":"http:\/\/iusinfieri.com.ar\/?page_id=24"},"modified":"2022-02-25T01:06:34","modified_gmt":"2022-02-25T04:06:34","slug":"sobre-nosotros","status":"publish","type":"page","link":"https:\/\/iusinfieri.com.ar\/index.php\/sobre-nosotros\/","title":{"rendered":"Sobre IIF"},"content":{"rendered":"\n<p><strong>Ius in fieri<\/strong> es un sitio web independiente que tiene por objetivo la difusi\u00f3n abierta y gratuita de contenidos originales vinculados a las ciencias jur\u00eddicas, buscando simplificar a sus autores el acceso a la publicaci\u00f3n y divulgaci\u00f3n.<\/p>\n\n\n\n<p>Recibimos contenidos en diversos formatos (art\u00edculos, ensayos, notas a fallos, etc.), materias y tem\u00e1ticas.<\/p>\n\n\n\n<p>Los contenidos publicados son originales, y resultan de un proceso de selecci\u00f3n y control por parte de nuestro <em>Consejo de Redacci\u00f3n<\/em> -integrado por profesionales del \u00e1mbito acad\u00e9mico- buscando garantizar su calidad, precisi\u00f3n y seriedad.<\/p>\n\n\n\n<p>Si ten\u00e9s inter\u00e9s en participar, pod\u00e9s averiguar como haciendo <a href=\"https:\/\/iusinfieri.com.ar\/index.php\/pautas-de-publicacion\/\" target=\"_blank\" rel=\"noreferrer noopener\" title=\"click ac\u00e1\">click ac\u00e1<\/a>.<\/p>\n\n\n\n<div class=\"wp-block-image\"><figure class=\"alignright size-full is-resized\"><img loading=\"lazy\" decoding=\"async\" src=\"https:\/\/iusinfieri.com.ar\/wp-content\/uploads\/2022\/02\/logomini.png\" alt=\"\" class=\"wp-image-199\" width=\"297\" height=\"152\" srcset=\"https:\/\/iusinfieri.com.ar\/wp-content\/uploads\/2022\/02\/logomini.png 593w, https:\/\/iusinfieri.com.ar\/wp-content\/uploads\/2022\/02\/logomini-300x153.png 300w\" sizes=\"auto, (max-width: 297px) 100vw, 297px\" \/><\/figure><\/div>\n<div style=\"margin: 20px 0;\"><div class=\"qrcswholewtapper\" style=\"text-align:right;\"><div class=\"qrcprowrapper\"  id=\"qrcwraa2leds\"><div class=\"qrc_canvass\" id=\"qrc_cuttenpages_2\" style=\"display:inline-block\" data-text=\"https:\/\/iusinfieri.com.ar\/index.php\/sobre-nosotros\/\"><\/div><\/div><\/div><\/div>","protected":false},"excerpt":{"rendered":"<div class=\"mh-excerpt\"><p>Ius in fieri es un sitio web independiente que tiene por objetivo la difusi\u00f3n abierta y gratuita de contenidos originales vinculados a las ciencias jur\u00eddicas, buscando simplificar a sus autores el acceso a la publicaci\u00f3n <a class=\"mh-excerpt-more\" href=\"https:\/\/iusinfieri.com.ar\/index.php\/sobre-nosotros\/\" title=\"Sobre IIF\">[&#8230;]<\/a><\/p>\n<\/div>","protected":false},"author":1,"featured_media":0,"parent":0,"menu_order":0,"comment_status":"closed","ping_status":"closed","template":"","meta":{"_themeisle_gutenberg_block_has_review":false,"footnotes":""},"class_list":["post-24","page","type-page","status-publish"],"aioseo_notices":[],"_links":{"self":[{"href":"https:\/\/iusinfieri.com.ar\/index.php\/wp-json\/wp\/v2\/pages\/24","targetHints":{"allow":["GET"]}}],"collection":[{"href":"https:\/\/iusinfieri.com.ar\/index.php\/wp-json\/wp\/v2\/pages"}],"about":[{"href":"https:\/\/iusinfieri.com.ar\/index.php\/wp-json\/wp\/v2\/types\/page"}],"author":[{"embeddable":true,"href":"https:\/\/iusinfieri.com.ar\/index.php\/wp-json\/wp\/v2\/users\/1"}],"replies":[{"embeddable":true,"href":"https:\/\/iusinfieri.com.ar\/index.php\/wp-json\/wp\/v2\/comments?post=24"}],"version-history":[{"count":6,"href":"https:\/\/iusinfieri.com.ar\/index.php\/wp-json\/wp\/v2\/pages\/24\/revisions"}],"predecessor-version":[{"id":217,"href":"https:\/\/iusinfieri.com.ar\/index.php\/wp-json\/wp\/v2\/pages\/24\/revisions\/217"}],"wp:attachment":[{"href":"https:\/\/iusinfieri.com.ar\/index.php\/wp-json\/wp\/v2\/media?parent=24"}],"curies":[{"name":"wp","href":"https:\/\/api.w.org\/{rel}","templated":true}]}}